{"id":399,"date":"2018-12-26T20:48:48","date_gmt":"2018-12-26T18:48:48","guid":{"rendered":"https:\/\/mozaiq.mensa.rs\/?page_id=399"},"modified":"2025-10-04T20:34:07","modified_gmt":"2025-10-04T18:34:07","slug":"kontakt","status":"publish","type":"page","link":"https:\/\/mozaiq.mensa.rs\/?page_id=399","title":{"rendered":"Kontakt"},"content":{"rendered":"<div data-elementor-type=\"wp-post\" data-elementor-id=\"399\" class=\"elementor elementor-399\"><div class=\"elementor-inner\"><div class=\"elementor-section-wrap\"><section class=\"elementor-section elementor-top-section elementor-element elementor-element-952bbdc elementor-section-boxed elementor-section-height-default elementor-section-height-default\" data-id=\"952bbdc\" data-element_type=\"section\"><div class=\"elementor-container elementor-column-gap-default\"><div class=\"elementor-row\"><div class=\"elementor-column elementor-col-100 elementor-top-column elementor-element elementor-element-61b816e\" data-id=\"61b816e\" data-element_type=\"column\"><div class=\"elementor-column-wrap elementor-element-populated\"><div class=\"elementor-widget-wrap\"><div class=\"elementor-element elementor-element-5bc5fbe elementor-widget elementor-widget-text-editor\" data-id=\"5bc5fbe\" data-element_type=\"widget\" data-widget_type=\"text-editor.default\"><div class=\"elementor-widget-container\"><div class=\"elementor-text-editor elementor-clearfix\"><h1>Kontakt<\/h1><p>Za sva pitanja, nedoumice, pa \u010dak i saradnju kontaktirajte nas putem elektronske po\u0161te\u00a0<strong><a href=\"https:\/\/mail.google.com\/mail\/u\/0\/#inbox?compose=CllgCKCBkLkkqSGmkzNSgTLPtBZWBMLsxnvpnjFtGjSGvRFrzjCPhBBxjtbNttzVPGVtxTsSJNq\">mozaiq@mensa.rs<\/a><\/strong><\/p><p>Ukoliko nam \u0161aljete \u010dlanak, molimo Vas da pro\u010ditate <a href=\"https:\/\/mozaiq.mensa.rs\/?page_id=662\"><strong>uputstvo za slanje teksta<\/strong><\/a>.<\/p><p>Dostupni smo i na dru\u0161tvenim mre\u017eama:\u00a0<a href=\"https:\/\/www.instagram.com\/casopismozaiq\/\"><strong>instagram<\/strong><\/a>,\u00a0<strong><a href=\"https:\/\/twitter.com\/CasopisMozaIQ\">twitter<\/a>\u00a0<\/strong>i\u00a0<a href=\"https:\/\/www.facebook.com\/CasopisMozaIQ\"><strong>facebook<\/strong><\/a>.\u00a0<\/p><\/div><\/div><\/div><\/div><\/div><\/div><\/div><\/div><\/section><section class=\"elementor-section elementor-top-section elementor-element elementor-element-109fbef elementor-section-boxed elementor-section-height-default elementor-section-height-default\" data-id=\"109fbef\" data-element_type=\"section\"><div class=\"elementor-container elementor-column-gap-default\"><div class=\"elementor-row\"><div class=\"elementor-column elementor-col-100 elementor-top-column elementor-element elementor-element-61695a7\" data-id=\"61695a7\" data-element_type=\"column\"><div class=\"elementor-column-wrap elementor-element-populated\"><div class=\"elementor-widget-wrap\"><div class=\"elementor-element elementor-element-26c7b0b elementor-widget elementor-widget-image\" data-id=\"26c7b0b\" data-element_type=\"widget\" data-widget_type=\"image.default\"><div class=\"elementor-widget-container\"><div class=\"elementor-image\"><img decoding=\"async\" width=\"640\" height=\"128\" src=\"https:\/\/mozaiq.mensa.rs\/wp-content\/uploads\/2018\/03\/cropped-19911728_1405851289505750_1718973349_o-2-768x154.png\" class=\"attachment-medium_large size-medium_large\" alt=\"\" loading=\"lazy\" srcset=\"https:\/\/mozaiq.mensa.rs\/wp-content\/uploads\/2018\/03\/cropped-19911728_1405851289505750_1718973349_o-2-768x154.png 768w, https:\/\/mozaiq.mensa.rs\/wp-content\/uploads\/2018\/03\/cropped-19911728_1405851289505750_1718973349_o-2-300x60.png 300w, https:\/\/mozaiq.mensa.rs\/wp-content\/uploads\/2018\/03\/cropped-19911728_1405851289505750_1718973349_o-2-1024x205.png 1024w, https:\/\/mozaiq.mensa.rs\/wp-content\/uploads\/2018\/03\/cropped-19911728_1405851289505750_1718973349_o-2-600x120.png 600w\" sizes=\"(max-width: 640px) 100vw, 640px\"\/><\/div><\/div><\/div><\/div><\/div><\/div><\/div><\/div><\/section><\/div><\/div><\/div>","protected":false},"excerpt":{"rendered":"<p>KontaktZa sva pitanja, nedoumice, pa \u010dak i saradnju kontaktirajte nas putem elektronske po\u0161te\u00a0mozaiq@mensa.rsUkoliko nam \u0161aljete \u010dlanak, molimo Vas da pro\u010ditate uputstvo za slanje teksta.Dostupni smo i na dru\u0161tvenim mre\u017eama:\u00a0instagram,\u00a0twitter\u00a0i\u00a0facebook.\u00a0<\/p>\n","protected":false},"author":9,"featured_media":0,"parent":0,"menu_order":0,"comment_status":"closed","ping_status":"closed","template":"elementor_header_footer","meta":[],"_links":{"self":[{"href":"https:\/\/mozaiq.mensa.rs\/index.php?rest_route=\/wp\/v2\/pages\/399"}],"collection":[{"href":"https:\/\/mozaiq.mensa.rs\/index.php?rest_route=\/wp\/v2\/pages"}],"about":[{"href":"https:\/\/mozaiq.mensa.rs\/index.php?rest_route=\/wp\/v2\/types\/page"}],"author":[{"embeddable":true,"href":"https:\/\/mozaiq.mensa.rs\/index.php?rest_route=\/wp\/v2\/users\/9"}],"replies":[{"embeddable":true,"href":"https:\/\/mozaiq.mensa.rs\/index.php?rest_route=%2Fwp%2Fv2%2Fcomments&post=399"}],"version-history":[{"count":23,"href":"https:\/\/mozaiq.mensa.rs\/index.php?rest_route=\/wp\/v2\/pages\/399\/revisions"}],"predecessor-version":[{"id":1951,"href":"https:\/\/mozaiq.mensa.rs\/index.php?rest_route=\/wp\/v2\/pages\/399\/revisions\/1951"}],"wp:attachment":[{"href":"https:\/\/mozaiq.mensa.rs\/index.php?rest_route=%2Fwp%2Fv2%2Fmedia&parent=399"}],"curies":[{"name":"wp","href":"https:\/\/api.w.org\/{rel}","templated":true}]}}