{"id":49,"date":"2018-03-05T21:19:10","date_gmt":"2018-03-05T20:19:10","guid":{"rendered":"https:\/\/mozaiq.mensa.rs\/?page_id=49"},"modified":"2022-12-19T13:06:21","modified_gmt":"2022-12-19T11:06:21","slug":"o-nama","status":"publish","type":"page","link":"https:\/\/mozaiq.mensa.rs\/?page_id=49","title":{"rendered":"O nama"},"content":{"rendered":"<div data-elementor-type=\"wp-post\" data-elementor-id=\"49\" class=\"elementor elementor-49\"><div class=\"elementor-inner\"><div class=\"elementor-section-wrap\"><section class=\"elementor-section elementor-top-section elementor-element elementor-element-77ae8f0 elementor-section-boxed elementor-section-height-default elementor-section-height-default\" data-id=\"77ae8f0\" data-element_type=\"section\"><div class=\"elementor-container elementor-column-gap-default\"><div class=\"elementor-row\"><div class=\"elementor-column elementor-col-50 elementor-top-column elementor-element elementor-element-d29c803\" data-id=\"d29c803\" data-element_type=\"column\"><div class=\"elementor-column-wrap elementor-element-populated\"><div class=\"elementor-widget-wrap\"><div class=\"elementor-element elementor-element-e808cc8 elementor-invisible elementor-widget elementor-widget-text-editor\" data-id=\"e808cc8\" data-element_type=\"widget\" data-settings=\"{&quot;_animation&quot;:&quot;fadeInLeft&quot;}\" data-widget_type=\"text-editor.default\"><div class=\"elementor-widget-container\"><div class=\"elementor-text-editor elementor-clearfix\"><p>MozaIQ je osnovan 1998. godine, kao bilten Mense Jugoslavije. Tada je pokrivao samo de\u0161avanja i informacije unutar Mense. Godine 2004. osnovno ime \u201eBilten Mense Jugoslavije\u201c je promenjeno u \u201eMozaIQ\u201c, kada je i po\u010delo objavljivanje \u010dlanaka na druge teme.<\/p><p>Danas MozaIQ postoji kao digitalni portal sa stalnim rubrikama, a Bilten Mense Srbije se, izdvojen od \u010dasopisa, distribuira \u010dlanovima u PDF formatu. \u0160tampana izdanja su sada deo istorije.<\/p><\/div><\/div><\/div><\/div><\/div><\/div><div class=\"elementor-column elementor-col-50 elementor-top-column elementor-element elementor-element-d80efdf\" data-id=\"d80efdf\" data-element_type=\"column\"><div class=\"elementor-column-wrap elementor-element-populated\"><div class=\"elementor-widget-wrap\"><div class=\"elementor-element elementor-element-23fe29d elementor-invisible elementor-widget elementor-widget-image\" data-id=\"23fe29d\" data-element_type=\"widget\" data-settings=\"{&quot;_animation&quot;:&quot;fadeInRight&quot;}\" data-widget_type=\"image.default\"><div class=\"elementor-widget-container\"><div class=\"elementor-image\"><figure class=\"wp-caption\"><img decoding=\"async\" width=\"640\" height=\"425\" src=\"https:\/\/mozaiq.mensa.rs\/wp-content\/uploads\/2022\/12\/19200VM9_1021bwVladaM-1024x680.jpg\" class=\"attachment-large size-large\" alt=\"\" loading=\"lazy\" srcset=\"https:\/\/mozaiq.mensa.rs\/wp-content\/uploads\/2022\/12\/19200VM9_1021bwVladaM-1024x680.jpg 1024w, https:\/\/mozaiq.mensa.rs\/wp-content\/uploads\/2022\/12\/19200VM9_1021bwVladaM-300x199.jpg 300w, https:\/\/mozaiq.mensa.rs\/wp-content\/uploads\/2022\/12\/19200VM9_1021bwVladaM-768x510.jpg 768w, https:\/\/mozaiq.mensa.rs\/wp-content\/uploads\/2022\/12\/19200VM9_1021bwVladaM-1536x1020.jpg 1536w, https:\/\/mozaiq.mensa.rs\/wp-content\/uploads\/2022\/12\/19200VM9_1021bwVladaM-600x398.jpg 600w, https:\/\/mozaiq.mensa.rs\/wp-content\/uploads\/2022\/12\/19200VM9_1021bwVladaM-272x182.jpg 272w, https:\/\/mozaiq.mensa.rs\/wp-content\/uploads\/2022\/12\/19200VM9_1021bwVladaM.jpg 1920w\" sizes=\"(max-width: 640px) 100vw, 640px\"\/><figcaption class=\"widget-image-caption wp-caption-text\">Fotografija: Vlado Marinkovi\u0107<\/figcaption><\/figure><\/div><\/div><\/div><div class=\"elementor-element elementor-element-2b5a657 elementor-invisible elementor-widget elementor-widget-text-editor\" data-id=\"2b5a657\" data-element_type=\"widget\" data-settings=\"{&quot;_animation&quot;:&quot;fadeInRight&quot;}\" data-widget_type=\"text-editor.default\"><div class=\"elementor-widget-container\"><div class=\"elementor-text-editor elementor-clearfix\"><p>Za sve ove godine doprinos razvoju MozaIQa su dali Maja \u0160ahbaz, Igor Jeremi\u0107, Tadija Mileti\u0107, Ljiljana \u0110eri\u0107, Lazar \u017divkovi\u0107, Aleksandra Borovic\u0301 i mnogi drugi \u010dlanovi redakcije.<\/p><p>Sada\u0161nji \u010dlanovi redakcije trudi\u0107e se da svakim danom MozaIQ bude bar malo bolji i zanimljiviji.<\/p><\/div><\/div><\/div><\/div><\/div><\/div><\/div><\/div><\/section><section class=\"elementor-section elementor-top-section elementor-element elementor-element-7987151d elementor-section-boxed elementor-section-height-default elementor-section-height-default elementor-invisible\" data-id=\"7987151d\" data-element_type=\"section\" data-settings=\"{&quot;animation&quot;:&quot;fadeInUp&quot;}\"><div class=\"elementor-container elementor-column-gap-narrow\"><div class=\"elementor-row\"><div class=\"elementor-column elementor-col-50 elementor-top-column elementor-element elementor-element-136aee81\" data-id=\"136aee81\" data-element_type=\"column\" data-settings=\"{&quot;background_background&quot;:&quot;classic&quot;}\"><div class=\"elementor-column-wrap elementor-element-populated\"><div class=\"elementor-widget-wrap\"><div class=\"elementor-element elementor-element-b730921 elementor-widget__width-initial elementor-absolute elementor-widget elementor-widget-counter\" data-id=\"b730921\" data-element_type=\"widget\" data-settings=\"{&quot;_position&quot;:&quot;absolute&quot;}\" data-widget_type=\"counter.default\"><div class=\"elementor-widget-container\"><div class=\"elementor-counter\"><div class=\"elementor-counter-number-wrapper\"><span class=\"elementor-counter-number-prefix\"><\/span><span class=\"elementor-counter-number\" data-duration=\"2000\" data-to-value=\"1998\" data-from-value=\"0\">0<\/span><span class=\"elementor-counter-number-suffix\">.<\/span><\/div><\/div><\/div><\/div><div class=\"elementor-element elementor-element-240abc06 elementor-position-left elementor-view-default elementor-mobile-position-top elementor-vertical-align-top elementor-widget elementor-widget-icon-box\" data-id=\"240abc06\" data-element_type=\"widget\" data-widget_type=\"icon-box.default\"><div class=\"elementor-widget-container\"><div class=\"elementor-icon-box-wrapper\"><div class=\"elementor-icon-box-icon\"><span class=\"elementor-icon elementor-animation-\"><i aria-hidden=\"true\" class=\"far fa-newspaper\"><\/i><\/span><\/div><div class=\"elementor-icon-box-content\"><h3 class=\"elementor-icon-box-title\"><span><\/span><\/h3><p class=\"elementor-icon-box-description\"> osnovan<br>\u010dasopis\t\t\t\t\t<\/p><\/div><\/div><\/div><\/div><div class=\"elementor-element elementor-element-643208d2 elementor-widget-divider--view-line elementor-widget elementor-widget-divider\" data-id=\"643208d2\" data-element_type=\"widget\" data-widget_type=\"divider.default\"><div class=\"elementor-widget-container\"><div class=\"elementor-divider\"><span class=\"elementor-divider-separator\"><\/span><\/div><\/div><\/div><\/div><\/div><\/div><div class=\"elementor-column elementor-col-50 elementor-top-column elementor-element elementor-element-49959968\" data-id=\"49959968\" data-element_type=\"column\" data-settings=\"{&quot;background_background&quot;:&quot;classic&quot;}\"><div class=\"elementor-column-wrap elementor-element-populated\"><div class=\"elementor-widget-wrap\"><div class=\"elementor-element elementor-element-cc7fc80 elementor-absolute elementor-widget__width-initial elementor-widget elementor-widget-counter\" data-id=\"cc7fc80\" data-element_type=\"widget\" data-settings=\"{&quot;_position&quot;:&quot;absolute&quot;}\" data-widget_type=\"counter.default\"><div class=\"elementor-widget-container\"><div class=\"elementor-counter\"><div class=\"elementor-counter-number-wrapper\"><span class=\"elementor-counter-number-prefix\"><\/span><span class=\"elementor-counter-number\" data-duration=\"2000\" data-to-value=\"2020\" data-from-value=\"0\">0<\/span><span class=\"elementor-counter-number-suffix\">.<\/span><\/div><\/div><\/div><\/div><div class=\"elementor-element elementor-element-6dab1eec elementor-position-left elementor-view-default elementor-mobile-position-top elementor-vertical-align-top elementor-widget elementor-widget-icon-box\" data-id=\"6dab1eec\" data-element_type=\"widget\" data-widget_type=\"icon-box.default\"><div class=\"elementor-widget-container\"><div class=\"elementor-icon-box-wrapper\"><div class=\"elementor-icon-box-icon\"><span class=\"elementor-icon elementor-animation-\"><i aria-hidden=\"true\" class=\"far fa-handshake\"><\/i><\/span><\/div><div class=\"elementor-icon-box-content\"><h3 class=\"elementor-icon-box-title\"><span><\/span><\/h3><p class=\"elementor-icon-box-description\"> Pokrenut<br>portal\t\t\t\t\t<\/p><\/div><\/div><\/div><\/div><div class=\"elementor-element elementor-element-15045bf9 elementor-widget-divider--view-line elementor-widget elementor-widget-divider\" data-id=\"15045bf9\" data-element_type=\"widget\" data-widget_type=\"divider.default\"><div class=\"elementor-widget-container\"><div class=\"elementor-divider\"><span class=\"elementor-divider-separator\"><\/span><\/div><\/div><\/div><\/div><\/div><\/div><\/div><\/div><\/section><\/div><\/div><\/div>","protected":false},"excerpt":{"rendered":"<p>MozaIQ je osnovan 1998. godine, kao bilten Mense Jugoslavije. Tada je pokrivao samo de\u0161avanja i informacije unutar Mense. Godine 2004. osnovno ime \u201eBilten Mense Jugoslavije\u201c je promenjeno u \u201eMozaIQ\u201c, kada je i po\u010delo objavljivanje \u010dlanaka na druge teme.Danas MozaIQ postoji kao digitalni portal sa stalnim rubrikama, a Bilten Mense Srbije se, izdvojen od \u010dasopisa, distribuira [&hellip;]<\/p>\n","protected":false},"author":9,"featured_media":0,"parent":0,"menu_order":0,"comment_status":"closed","ping_status":"closed","template":"elementor_header_footer","meta":[],"_links":{"self":[{"href":"https:\/\/mozaiq.mensa.rs\/index.php?rest_route=\/wp\/v2\/pages\/49"}],"collection":[{"href":"https:\/\/mozaiq.mensa.rs\/index.php?rest_route=\/wp\/v2\/pages"}],"about":[{"href":"https:\/\/mozaiq.mensa.rs\/index.php?rest_route=\/wp\/v2\/types\/page"}],"author":[{"embeddable":true,"href":"https:\/\/mozaiq.mensa.rs\/index.php?rest_route=\/wp\/v2\/users\/9"}],"replies":[{"embeddable":true,"href":"https:\/\/mozaiq.mensa.rs\/index.php?rest_route=%2Fwp%2Fv2%2Fcomments&post=49"}],"version-history":[{"count":41,"href":"https:\/\/mozaiq.mensa.rs\/index.php?rest_route=\/wp\/v2\/pages\/49\/revisions"}],"predecessor-version":[{"id":1353,"href":"https:\/\/mozaiq.mensa.rs\/index.php?rest_route=\/wp\/v2\/pages\/49\/revisions\/1353"}],"wp:attachment":[{"href":"https:\/\/mozaiq.mensa.rs\/index.php?rest_route=%2Fwp%2Fv2%2Fmedia&parent=49"}],"curies":[{"name":"wp","href":"https:\/\/api.w.org\/{rel}","templated":true}]}}