{"id":662,"date":"2020-11-01T20:13:54","date_gmt":"2020-11-01T18:13:54","guid":{"rendered":"https:\/\/mozaiq.mensa.rs\/?page_id=662"},"modified":"2025-10-04T20:33:30","modified_gmt":"2025-10-04T18:33:30","slug":"uputstva","status":"publish","type":"page","link":"https:\/\/mozaiq.mensa.rs\/?page_id=662","title":{"rendered":"Propozicije za slanje teksta"},"content":{"rendered":"<div data-elementor-type=\"wp-page\" data-elementor-id=\"662\" class=\"elementor elementor-662\"><div class=\"elementor-inner\"><div class=\"elementor-section-wrap\"><section class=\"elementor-section elementor-top-section elementor-element elementor-element-1ae19c0 elementor-section-boxed elementor-section-height-default elementor-section-height-default\" data-id=\"1ae19c0\" data-element_type=\"section\"><div class=\"elementor-container elementor-column-gap-default\"><div class=\"elementor-row\"><div class=\"elementor-column elementor-col-100 elementor-top-column elementor-element elementor-element-93f976c\" data-id=\"93f976c\" data-element_type=\"column\"><div class=\"elementor-column-wrap elementor-element-populated\"><div class=\"elementor-widget-wrap\"><div class=\"elementor-element elementor-element-d2a50dd elementor-widget elementor-widget-text-editor\" data-id=\"d2a50dd\" data-element_type=\"widget\" data-widget_type=\"text-editor.default\"><div class=\"elementor-widget-container\"><div class=\"elementor-text-editor elementor-clearfix\"><h1>Uputstvo i uslovi za slanje teksta<\/h1><ol><li>Morate biti punopravan \u010dlan Mense Srbije;<\/li><li>Format teksta, odnosno \u010dlanka: Word dokument, font veli\u010dine 12, maksimalna du\u017eina 3 strane uz popunjen<a href=\"https:\/\/docs.google.com\/document\/d\/1AWFVR8cXNkD6PFbpVbWp3BPwiO7fDreb\/edit?usp=sharing&amp;ouid=102119989710564302825&amp;rtpof=true&amp;sd=true\"> <strong>formular<\/strong><\/a> nalepljen na po\u010detku ili kraju <strong>istog<\/strong> dokumenta;<\/li><li>\u010clanak treba biti napisan tako da bude razumljiv \u0161iroj publici, gramati\u010dki i pravopisno ispravan. Eventualne gre\u0161ke ispravi\u0107e lektori redakcije;<\/li><li>Po\u017eeljno je da uz tekst po\u0161aljete i fotografije, kao attachment-e u punoj rezoluciji, sa nazna\u010denim imenom autora fotografije;<\/li><\/ol><p>Pi\u0161ite nam na <a href=\"https:\/\/mail.google.com\/mail\/u\/0\/#inbox?compose=CllgCKCBkLkkqSGmkzNSgTLPtBZWBMLsxnvpnjFtGjSGvRFrzjCPhBBxjtbNttzVPGVtxTsSJNq\"><strong><em>mozaiq@mensa.rs<\/em><\/strong><\/a><\/p><\/div><\/div><\/div><\/div><\/div><\/div><\/div><\/div><\/section><section class=\"elementor-section elementor-top-section elementor-element elementor-element-9bba7a3 elementor-section-boxed elementor-section-height-default elementor-section-height-default\" data-id=\"9bba7a3\" data-element_type=\"section\"><div class=\"elementor-container elementor-column-gap-default\"><div class=\"elementor-row\"><div class=\"elementor-column elementor-col-100 elementor-top-column elementor-element elementor-element-451841c\" data-id=\"451841c\" data-element_type=\"column\"><div class=\"elementor-column-wrap elementor-element-populated\"><div class=\"elementor-widget-wrap\"><div class=\"elementor-element elementor-element-83d695b elementor-widget elementor-widget-image\" data-id=\"83d695b\" data-element_type=\"widget\" data-widget_type=\"image.default\"><div class=\"elementor-widget-container\"><div class=\"elementor-image\"><img decoding=\"async\" width=\"640\" height=\"141\" src=\"https:\/\/mozaiq.mensa.rs\/wp-content\/uploads\/2018\/03\/cropped-19911728_1405851289505750_1718973349_o-768x169.png\" class=\"attachment-medium_large size-medium_large\" alt=\"\" loading=\"lazy\" srcset=\"https:\/\/mozaiq.mensa.rs\/wp-content\/uploads\/2018\/03\/cropped-19911728_1405851289505750_1718973349_o-768x169.png 768w, https:\/\/mozaiq.mensa.rs\/wp-content\/uploads\/2018\/03\/cropped-19911728_1405851289505750_1718973349_o-300x66.png 300w, https:\/\/mozaiq.mensa.rs\/wp-content\/uploads\/2018\/03\/cropped-19911728_1405851289505750_1718973349_o-1024x225.png 1024w\" sizes=\"(max-width: 640px) 100vw, 640px\"\/><\/div><\/div><\/div><\/div><\/div><\/div><\/div><\/div><\/section><\/div><\/div><\/div>","protected":false},"excerpt":{"rendered":"<p>Uputstvo i uslovi za slanje tekstaMorate biti punopravan \u010dlan Mense Srbije;Format teksta, odnosno \u010dlanka: Word dokument, font veli\u010dine 12, maksimalna du\u017eina 3 strane uz popunjen formular nalepljen na po\u010detku ili kraju istog dokumenta;\u010clanak treba biti napisan tako da bude razumljiv \u0161iroj publici, gramati\u010dki i pravopisno ispravan. Eventualne gre\u0161ke ispravi\u0107e lektori redakcije;Po\u017eeljno je da uz tekst [&hellip;]<\/p>\n","protected":false},"author":30,"featured_media":160,"parent":399,"menu_order":0,"comment_status":"closed","ping_status":"closed","template":"elementor_header_footer","meta":[],"_links":{"self":[{"href":"https:\/\/mozaiq.mensa.rs\/index.php?rest_route=\/wp\/v2\/pages\/662"}],"collection":[{"href":"https:\/\/mozaiq.mensa.rs\/index.php?rest_route=\/wp\/v2\/pages"}],"about":[{"href":"https:\/\/mozaiq.mensa.rs\/index.php?rest_route=\/wp\/v2\/types\/page"}],"author":[{"embeddable":true,"href":"https:\/\/mozaiq.mensa.rs\/index.php?rest_route=\/wp\/v2\/users\/30"}],"replies":[{"embeddable":true,"href":"https:\/\/mozaiq.mensa.rs\/index.php?rest_route=%2Fwp%2Fv2%2Fcomments&post=662"}],"version-history":[{"count":32,"href":"https:\/\/mozaiq.mensa.rs\/index.php?rest_route=\/wp\/v2\/pages\/662\/revisions"}],"predecessor-version":[{"id":1948,"href":"https:\/\/mozaiq.mensa.rs\/index.php?rest_route=\/wp\/v2\/pages\/662\/revisions\/1948"}],"up":[{"embeddable":true,"href":"https:\/\/mozaiq.mensa.rs\/index.php?rest_route=\/wp\/v2\/pages\/399"}],"wp:featuredmedia":[{"embeddable":true,"href":"https:\/\/mozaiq.mensa.rs\/index.php?rest_route=\/wp\/v2\/media\/160"}],"wp:attachment":[{"href":"https:\/\/mozaiq.mensa.rs\/index.php?rest_route=%2Fwp%2Fv2%2Fmedia&parent=662"}],"curies":[{"name":"wp","href":"https:\/\/api.w.org\/{rel}","templated":true}]}}